{"id":13,"date":"2026-04-05T10:32:50","date_gmt":"2026-04-05T10:32:50","guid":{"rendered":"https:\/\/j188.bid\/?page_id=13"},"modified":"2026-04-05T10:32:50","modified_gmt":"2026-04-05T10:32:50","slug":"j188-%e2%9a%a1%ef%b8%8f-nha-cai-uy-tin-xanh-chin-j188-com-hang-dau-chau-a","status":"publish","type":"page","link":"https:\/\/j188.bid\/","title":{"rendered":"J188 \u26a1\ufe0f Nh\u00e0 C\u00e1i Uy T\u00edn Xanh Ch\u00edn J188.COM H\u00e0ng \u0110\u1ea7u Ch\u00e2u \u00c1"},"content":{"rendered":"","protected":false},"excerpt":{"rendered":"","protected":false},"author":1,"featured_media":0,"parent":0,"menu_order":0,"comment_status":"closed","ping_status":"closed","template":"","meta":{"_gspb_post_css":"","footnotes":""},"class_list":["post-13","page","type-page","status-publish","hentry"],"blocksy_meta":[],"_links":{"self":[{"href":"https:\/\/j188.bid\/index.php\/wp-json\/wp\/v2\/pages\/13","targetHints":{"allow":["GET"]}}],"collection":[{"href":"https:\/\/j188.bid\/index.php\/wp-json\/wp\/v2\/pages"}],"about":[{"href":"https:\/\/j188.bid\/index.php\/wp-json\/wp\/v2\/types\/page"}],"author":[{"embeddable":true,"href":"https:\/\/j188.bid\/index.php\/wp-json\/wp\/v2\/users\/1"}],"replies":[{"embeddable":true,"href":"https:\/\/j188.bid\/index.php\/wp-json\/wp\/v2\/comments?post=13"}],"version-history":[{"count":1,"href":"https:\/\/j188.bid\/index.php\/wp-json\/wp\/v2\/pages\/13\/revisions"}],"predecessor-version":[{"id":15,"href":"https:\/\/j188.bid\/index.php\/wp-json\/wp\/v2\/pages\/13\/revisions\/15"}],"wp:attachment":[{"href":"https:\/\/j188.bid\/index.php\/wp-json\/wp\/v2\/media?parent=13"}],"curies":[{"name":"wp","href":"https:\/\/api.w.org\/{rel}","templated":true}]}}